{"id":63,"date":"2010-04-29T01:04:56","date_gmt":"2010-04-28T22:04:56","guid":{"rendered":"https:\/\/www.mostiskes.vilniausr.lm.lt\/?page_id=63"},"modified":"2023-05-16T10:46:21","modified_gmt":"2023-05-16T07:46:21","slug":"mokyniu-taryba","status":"publish","type":"page","link":"https:\/\/www.mostiskes.vilniausr.lm.lt\/?page_id=63","title":{"rendered":"Mokini\u0173 taryba"},"content":{"rendered":"<p>&nbsp;<\/p>\n<div style=\"margin-left: 36pt;\">\n<div><span style=\"font-size: 14px;\"><span style=\"font-family: arial,helvetica,sans-serif;\">1. Laura Ma\u0161aro &#8211; 7 klas\u0117;<\/span><\/span><\/div>\n<div><span style=\"font-size: 14px;\"><span style=\"font-family: arial,helvetica,sans-serif;\">2. Augustyn Pozlevi\u010d \u2013 8 klas\u0117;<\/span><\/span><\/div>\n<div><span style=\"font-size: 14px;\"><span style=\"font-family: arial,helvetica,sans-serif;\">3. Daniel Nanevi\u010d&nbsp; \u2013 10 klas\u0117 &#8211; <em><strong>pirmininkas<\/strong><\/em>;<\/span><\/span><\/div>\n<div><span style=\"font-size: 14px;\"><span style=\"font-family: arial,helvetica,sans-serif;\">4. Ingrida Rynkun <\/span><\/span><span style=\"font-family: arial, helvetica, sans-serif; font-size: 14px;\">\u2013 10 klas\u0117;<\/span><\/div>\n<div><span style=\"font-size: 14px;\"><span style=\"font-family: arial,helvetica,sans-serif;\">5. Ma\u017eena Karnecka &#8211; 5 klas\u0117;<\/span><\/span><\/div>\n<div><span style=\"font-size: 14px;\"><span style=\"font-family: arial,helvetica,sans-serif;\">6. Martin Loga\u010diov &#8211; 6 klas\u0117;<\/span><\/span><\/div>\n<div><span style=\"font-size: 14px;\"><span style=\"font-family: arial,helvetica,sans-serif;\">7. Pavel Gulbickij &#8211; 7 klas\u0117, <strong>pavaduotojas<\/strong>.<\/span><\/span><\/div>\n<div>&nbsp;<\/div>\n<div style=\"text-align: center;\"><span style=\"font-size: 16px;\"><strong><span style=\"font-family: arial,helvetica,sans-serif;\">Darbo planas &nbsp;2021-2022 m. m.<\/span><\/strong><\/span><\/div>\n<table style=\"width: 107.89%; height: 953px;\" border=\"1\" width=\"728\" cellspacing=\"0\" cellpadding=\"0\">\n<tbody>\n<tr style=\"height: 24px;\">\n<td style=\"width: 47px; height: 24px;\">\n<div style=\"text-align: center;\"><span style=\"font-size: 16px;\"><strong><span style=\"font-family: arial,helvetica,sans-serif;\">Nr.<\/span><\/strong><\/span><\/div>\n<\/td>\n<td style=\"width: 387px; height: 24px;\">\n<div style=\"text-align: center;\"><span style=\"font-size: 16px;\"><strong><span style=\"font-family: arial,helvetica,sans-serif;\">Veikla<\/span><\/strong><\/span><\/div>\n<\/td>\n<td style=\"width: 113px; height: 24px;\">\n<div style=\"text-align: center;\"><span style=\"font-size: 16px;\"><strong><span style=\"font-family: arial,helvetica,sans-serif;\">Data<\/span><\/strong><\/span><\/div>\n<\/td>\n<td style=\"width: 180px; height: 24px;\">\n<div style=\"text-align: center;\"><span style=\"font-size: 16px;\"><strong><span style=\"font-family: arial,helvetica,sans-serif;\">Atsakingas<\/span><\/strong><\/span><\/div>\n<\/td>\n<\/tr>\n<tr style=\"height: 48px;\">\n<td style=\"width: 47px; height: 48px;\">\n<div><span style=\"font-size: 14px;\"><span style=\"font-family: arial,helvetica,sans-serif;\">1.<\/span><\/span><\/div>\n<\/td>\n<td style=\"width: 387px; height: 48px;\">\n<div><span style=\"font-size: 14px;\"><span style=\"font-family: arial,helvetica,sans-serif;\">Mokslo ir \u017eini\u0173 \u0161vent\u0117. Rugs\u0117jo &#8211; 1 oji<\/span><\/span><\/div>\n<\/td>\n<td style=\"width: 113px; height: 48px;\">\n<div><span style=\"font-size: 14px;\"><span style=\"font-family: arial,helvetica,sans-serif;\">Rugs\u0117jis<\/span><\/span><\/div>\n<\/td>\n<td style=\"width: 180px; height: 48px;\">\n<div><span style=\"font-size: 14px;\"><span style=\"font-family: arial,helvetica,sans-serif;\">10 klas\u0117, V. Stefanovi\u010d<\/span><\/span><\/div>\n<\/td>\n<\/tr>\n<tr style=\"height: 66px;\">\n<td style=\"width: 47px; height: 66px;\">\n<div><span style=\"font-size: 14px;\"><span style=\"font-family: arial,helvetica,sans-serif;\">2.<\/span><\/span><\/div>\n<\/td>\n<td style=\"width: 387px; height: 66px;\">\n<div><span style=\"font-size: 14px;\"><span style=\"font-family: arial,helvetica,sans-serif;\">Tarybos nari\u0173 s\u0105ra\u0161o sudarymas ir&nbsp; pasiskirstymas pareigomis.<\/span><\/span><\/div>\n<div><span style=\"font-size: 14px;\"><span style=\"font-family: arial,helvetica,sans-serif;\">2021-2022 m. m. veiklos plano k\u016brimas ir patvirtinimas;<\/span><\/span><\/div>\n<\/td>\n<td style=\"width: 113px; height: 66px;\">\n<div><span style=\"font-size: 14px;\"><span style=\"font-family: arial,helvetica,sans-serif;\">Rugs\u0117jis<\/span><\/span><\/div>\n<\/td>\n<td style=\"width: 180px; height: 66px;\">\n<div><span style=\"font-size: 14px;\"><span style=\"font-family: arial,helvetica,sans-serif;\">V. Ve\u017ebovi\u010d<\/span><\/span><\/div>\n<\/td>\n<\/tr>\n<tr style=\"height: 24px;\">\n<td style=\"width: 47px; height: 24px;\">\n<div><span style=\"font-size: 14px;\"><span style=\"font-family: arial,helvetica,sans-serif;\">3.<\/span><\/span><\/div>\n<\/td>\n<td style=\"width: 387px; height: 24px;\">\n<div><span style=\"font-size: 14px;\"><span style=\"font-family: arial,helvetica,sans-serif;\">Europini\u0173 kalb\u0173 diena.Diskoteka<\/span><\/span><\/div>\n<\/td>\n<td style=\"width: 113px; height: 24px;\">\n<div><span style=\"font-size: 14px;\"><span style=\"font-family: arial,helvetica,sans-serif;\">Rugs\u0117jis<\/span><\/span><\/div>\n<\/td>\n<td style=\"width: 180px; height: 24px;\">\n<div><span style=\"font-size: 14px;\"><span style=\"font-family: arial,helvetica,sans-serif;\">8 klas\u0117, I. Gudanec<\/span><\/span><\/div>\n<\/td>\n<\/tr>\n<tr style=\"height: 48px;\">\n<td style=\"width: 47px; height: 48px;\">\n<div><span style=\"font-size: 14px;\"><span style=\"font-family: arial,helvetica,sans-serif;\">4.<\/span><\/span><\/div>\n<\/td>\n<td style=\"width: 387px; height: 48px;\">\n<div><span style=\"font-size: 14px;\"><span style=\"font-family: arial,helvetica,sans-serif;\">Tarptautin\u0117 mokytoj\u0173 diena. Diskoteka.<\/span><\/span><\/div>\n<\/td>\n<td style=\"width: 113px; height: 48px;\">\n<div><span style=\"font-size: 14px;\"><span style=\"font-family: arial,helvetica,sans-serif;\">Spalis<\/span><\/span><\/div>\n<\/td>\n<td style=\"width: 180px; height: 48px;\">\n<div><span style=\"font-size: 14px;\"><span style=\"font-family: arial,helvetica,sans-serif;\">10 klas\u0117,<\/span><\/span><\/div>\n<div><span style=\"font-size: 14px;\"><span style=\"font-family: arial,helvetica,sans-serif;\">V. Stefanovi\u010d<\/span><\/span><\/div>\n<\/td>\n<\/tr>\n<tr style=\"height: 48px;\">\n<td style=\"width: 47px; height: 48px;\">\n<div><span style=\"font-size: 14px;\"><span style=\"font-family: arial,helvetica,sans-serif;\">5.<\/span><\/span><\/div>\n<\/td>\n<td style=\"width: 387px; height: 48px;\">\n<div><span style=\"font-size: 14px;\"><span style=\"font-family: arial,helvetica,sans-serif;\">Akcija \u201eSOS \u2013 gyvunai\u201c.<\/span><\/span><\/div>\n<\/td>\n<td style=\"width: 113px; height: 48px;\">\n<div><span style=\"font-size: 14px;\"><span style=\"font-family: arial,helvetica,sans-serif;\">Spalis<\/span><\/span><\/div>\n<\/td>\n<td style=\"width: 180px; height: 48px;\">\n<div><span style=\"font-size: 14px;\"><span style=\"font-family: arial,helvetica,sans-serif;\">7 klas\u0117, V. Ve\u017ebovi\u010d<\/span><\/span><\/div>\n<\/td>\n<\/tr>\n<tr style=\"height: 72px;\">\n<td style=\"width: 47px; height: 72px;\">\n<div><span style=\"font-size: 14px;\"><span style=\"font-family: arial,helvetica,sans-serif;\">6.<\/span><\/span><\/div>\n<\/td>\n<td style=\"width: 387px; height: 72px;\">\n<div><span style=\"font-size: 14px;\"><span style=\"font-family: arial,helvetica,sans-serif;\">Akcija &#8222;\u017dvakeli\u0173 u\u017edegimas ant apleist\u0173 kap\u0173&#8221;. Kap\u0173 tvarkymas.<\/span><\/span><\/div>\n<\/td>\n<td style=\"width: 113px; height: 72px;\">\n<div><span style=\"font-size: 14px;\"><span style=\"font-family: arial,helvetica,sans-serif;\">Spalis<\/span><\/span><\/div>\n<\/td>\n<td style=\"width: 180px; height: 72px;\">\n<div><span style=\"font-size: 14px;\"><span style=\"font-family: arial,helvetica,sans-serif;\">MT , 5-10 klases, klasi\u0173 vadovai<\/span><\/span><\/div>\n<\/td>\n<\/tr>\n<tr style=\"height: 48px;\">\n<td style=\"width: 47px; height: 48px;\">\n<div><span style=\"font-size: 14px;\"><span style=\"font-family: arial,helvetica,sans-serif;\">7.<\/span><\/span><\/div>\n<\/td>\n<td style=\"width: 387px; height: 48px;\">\n<div><span style=\"font-size: 14px;\"><span style=\"font-family: arial,helvetica,sans-serif;\">\u0160v.And\u017eejaus vakar\u0117lis. \u201eB\u016brymas &#8211; laim\u0117s beie\u0161kant&#8221;. Diskoteka.<\/span><\/span><\/div>\n<\/td>\n<td style=\"width: 113px; height: 48px;\">\n<div><span style=\"font-size: 14px;\"><span style=\"font-family: arial,helvetica,sans-serif;\">Lapkritis<\/span><\/span><\/div>\n<\/td>\n<td style=\"width: 180px; height: 48px;\">\n<div><span style=\"font-size: 14px;\"><span style=\"font-family: arial,helvetica,sans-serif;\">7 klas\u0117, D.Stefanovi\u010d<\/span><\/span><\/div>\n<\/td>\n<\/tr>\n<tr style=\"height: 48px;\">\n<td style=\"width: 47px; height: 48px;\">\n<div><span style=\"font-size: 14px;\"><span style=\"font-family: arial,helvetica,sans-serif;\">8.<\/span><\/span><\/div>\n<\/td>\n<td style=\"width: 387px; height: 48px;\">\n<div><span style=\"font-size: 14px;\"><span style=\"font-family: arial,helvetica,sans-serif;\">I trimestro mokini\u0173 tarybos veiklos aptarimas.<\/span><\/span><\/div>\n<\/td>\n<td style=\"width: 113px; height: 48px;\">\n<div><span style=\"font-size: 14px;\"><span style=\"font-family: arial,helvetica,sans-serif;\">Gruodis<\/span><\/span><\/div>\n<\/td>\n<td style=\"width: 180px; height: 48px;\">\n<div><span style=\"font-size: 14px;\"><span style=\"font-family: arial,helvetica,sans-serif;\">MT, V.Ve\u017ebovi\u010d <\/span><\/span><\/div>\n<\/td>\n<\/tr>\n<tr style=\"height: 48px;\">\n<td style=\"width: 47px; height: 48px;\">\n<div><span style=\"font-size: 14px;\"><span style=\"font-family: arial,helvetica,sans-serif;\">9.<\/span><\/span><\/div>\n<\/td>\n<td style=\"width: 387px; height: 48px;\">\n<div><span style=\"font-size: 14px;\"><span style=\"font-family: arial,helvetica,sans-serif;\">Dalyvavimas Kal\u0117din\u0117se renginiuose.<\/span><\/span><\/div>\n<\/td>\n<td style=\"width: 113px; height: 48px;\">\n<div><span style=\"font-size: 14px;\"><span style=\"font-family: arial,helvetica,sans-serif;\">Gruodis<\/span><\/span><\/div>\n<\/td>\n<td style=\"width: 180px; height: 48px;\">\n<div><span style=\"font-size: 14px;\"><span style=\"font-family: arial,helvetica,sans-serif;\">MT, A. Gulbicka<\/span><\/span><\/div>\n<\/td>\n<\/tr>\n<tr style=\"height: 48px;\">\n<td style=\"width: 47px; height: 48px;\">\n<div><span style=\"font-size: 14px;\"><span style=\"font-family: arial,helvetica,sans-serif;\">10.<\/span><\/span><\/div>\n<\/td>\n<td style=\"width: 387px; height: 48px;\">\n<div><span style=\"font-size: 14px;\"><span style=\"font-family: arial,helvetica,sans-serif;\">Naujametinis karnavalas. Diskoteka.<\/span><\/span><\/div>\n<\/td>\n<td style=\"width: 113px; height: 48px;\">\n<div><span style=\"font-size: 14px;\"><span style=\"font-family: arial,helvetica,sans-serif;\">Gruodis<\/span><\/span><\/div>\n<\/td>\n<td style=\"width: 180px; height: 48px;\">\n<div><span style=\"font-size: 14px;\"><span style=\"font-family: arial,helvetica,sans-serif;\">MT, 10 klas\u0117,<br \/>\nV. Stefanovi\u010d<\/span><\/span><\/div>\n<\/td>\n<\/tr>\n<tr style=\"height: 48px;\">\n<td style=\"width: 47px; height: 48px;\">\n<div><span style=\"font-size: 14px;\"><span style=\"font-family: arial,helvetica,sans-serif;\">11.<\/span><\/span><\/div>\n<\/td>\n<td style=\"width: 387px; height: 48px;\">\n<div><span style=\"font-size: 14px;\"><span style=\"font-family: arial,helvetica,sans-serif;\">Video klin\u0173 konkursas i\u0161 mokyklos gyvenimo. Diskoteka<\/span><\/span><\/div>\n<\/td>\n<td style=\"width: 113px; height: 48px;\">\n<div><span style=\"font-size: 14px;\"><span style=\"font-family: arial,helvetica,sans-serif;\">Sausis<\/span><\/span><\/div>\n<\/td>\n<td style=\"width: 180px; height: 48px;\">\n<div><span style=\"font-size: 14px;\"><span style=\"font-family: arial,helvetica,sans-serif;\">V.Ve\u017ebovi\u010d, J.Siavro, MT.<\/span><\/span><\/div>\n<\/td>\n<\/tr>\n<tr style=\"height: 48px;\">\n<td style=\"width: 47px; height: 48px;\">\n<div><span style=\"font-size: 14px;\"><span style=\"font-family: arial,helvetica,sans-serif;\">12.<\/span><\/span><\/div>\n<\/td>\n<td style=\"width: 387px; height: 48px;\">\n<div><span style=\"font-size: 14px;\"><span style=\"font-family: arial,helvetica,sans-serif;\">\u0160v. Valentino diena. Diskoteka.<\/span><\/span><\/div>\n<\/td>\n<td style=\"width: 113px; height: 48px;\">\n<div><span style=\"font-size: 14px;\"><span style=\"font-family: arial,helvetica,sans-serif;\">Vasaris<\/span><\/span><\/div>\n<\/td>\n<td style=\"width: 180px; height: 48px;\">\n<div><span style=\"font-size: 14px;\"><span style=\"font-family: arial,helvetica,sans-serif;\">7 klase, D. Stefanovi\u010d<\/span><\/span><\/div>\n<\/td>\n<\/tr>\n<tr style=\"height: 23px;\">\n<td style=\"width: 47px; height: 23px;\">\n<div><span style=\"font-size: 14px;\"><span style=\"font-family: arial,helvetica,sans-serif;\">13.<\/span><\/span><\/div>\n<\/td>\n<td style=\"width: 387px; height: 23px;\">\n<div><span style=\"font-size: 14px;\"><span style=\"font-family: arial,helvetica,sans-serif;\">U\u017egavin\u0117s. Kauki\u0173 konkursas.<\/span><\/span><\/div>\n<\/td>\n<td style=\"width: 113px; height: 23px;\">\n<div><span style=\"font-size: 14px;\"><span style=\"font-family: arial,helvetica,sans-serif;\">Kovas<\/span><\/span><\/div>\n<\/td>\n<td style=\"width: 180px; height: 23px;\">\n<div><span style=\"font-size: 14px;\"><span style=\"font-family: arial,helvetica,sans-serif;\">MT, A. Gulbicka, klas\u0117s vadovai<\/span><\/span><\/div>\n<\/td>\n<\/tr>\n<tr style=\"height: 24px;\">\n<td style=\"width: 47px; height: 24px;\">\n<div><span style=\"font-size: 14px;\"><span style=\"font-family: arial,helvetica,sans-serif;\">14.<\/span><\/span><\/div>\n<\/td>\n<td style=\"width: 387px; height: 24px;\">\n<div><span style=\"font-size: 14px;\"><span style=\"font-family: arial,helvetica,sans-serif;\">II trimestro mokini\u0173 tarybos veiklos aptarimas.<\/span><\/span><\/div>\n<\/td>\n<td style=\"width: 113px; height: 24px;\">\n<div><span style=\"font-size: 14px;\"><span style=\"font-family: arial,helvetica,sans-serif;\">Kovas<\/span><\/span><\/div>\n<\/td>\n<td style=\"width: 180px; height: 24px;\">\n<div><span style=\"font-size: 14px;\"><span style=\"font-family: arial,helvetica,sans-serif;\">V. Ve\u017ebovi\u010d ir MT<\/span><\/span><\/div>\n<\/td>\n<\/tr>\n<tr style=\"height: 48px;\">\n<td style=\"width: 47px; height: 48px;\">\n<div><span style=\"font-size: 14px;\"><span style=\"font-family: arial,helvetica,sans-serif;\">15.<\/span><\/span><\/div>\n<\/td>\n<td style=\"width: 387px; height: 48px;\">\n<div><span style=\"font-size: 14px;\"><span style=\"font-family: arial,helvetica,sans-serif;\">Kaziuko m\u016bg\u0117.<\/span><\/span><\/div>\n<\/td>\n<td style=\"width: 113px; height: 48px;\">\n<div><span style=\"font-size: 14px;\"><span style=\"font-family: arial,helvetica,sans-serif;\">Kovas<\/span><\/span><\/div>\n<\/td>\n<td style=\"width: 180px; height: 48px;\">\n<div><span style=\"font-size: 14px;\"><span style=\"font-family: arial,helvetica,sans-serif;\">MT, klas\u0117s vadovai<\/span><\/span><\/div>\n<\/td>\n<\/tr>\n<tr style=\"height: 48px;\">\n<td style=\"width: 47px; height: 48px;\">\n<div><span style=\"font-size: 14px;\"><span style=\"font-family: arial,helvetica,sans-serif;\">16.<\/span><\/span><\/div>\n<\/td>\n<td style=\"width: 387px; height: 48px;\">\n<div><span style=\"font-size: 14px;\"><span style=\"font-family: arial,helvetica,sans-serif;\">Talent\u0173 diena. Konkursas. Diskoteka<\/span><\/span><\/div>\n<\/td>\n<td style=\"width: 113px; height: 48px;\">\n<div><span style=\"font-size: 14px;\"><span style=\"font-family: arial,helvetica,sans-serif;\">Balandis<\/span><\/span><\/div>\n<\/td>\n<td style=\"width: 180px; height: 48px;\">\n<div><span style=\"font-size: 14px;\"><span style=\"font-family: arial,helvetica,sans-serif;\">7 klas\u0117, D.Stefanovi\u010d<\/span><\/span><\/div>\n<\/td>\n<\/tr>\n<tr style=\"height: 48px;\">\n<td style=\"width: 47px; height: 48px;\">\n<div><span style=\"font-size: 14px;\"><span style=\"font-family: arial,helvetica,sans-serif;\">17.<\/span><\/span><\/div>\n<\/td>\n<td style=\"width: 387px; height: 48px;\">\n<div><span style=\"font-size: 14px;\"><span style=\"font-family: arial,helvetica,sans-serif;\">Perspektyvaus veiklos plano 2022-2023 m. m aptarymas<\/span><\/span><\/div>\n<\/td>\n<td style=\"width: 113px; height: 48px;\">\n<div><span style=\"font-size: 14px;\"><span style=\"font-family: arial,helvetica,sans-serif;\">Gegu\u017e\u0117<\/span><\/span><\/div>\n<\/td>\n<td style=\"width: 180px; height: 48px;\">\n<div><span style=\"font-size: 14px;\"><span style=\"font-family: arial,helvetica,sans-serif;\">V. Ve\u017ebovi\u010d ir MT.<\/span><\/span><\/div>\n<\/td>\n<\/tr>\n<tr style=\"height: 48px;\">\n<td style=\"width: 47px; height: 48px;\">\n<div><span style=\"font-size: 14px;\"><span style=\"font-family: arial,helvetica,sans-serif;\">18.<\/span><\/span><\/div>\n<\/td>\n<td style=\"width: 387px; height: 48px;\">\n<div><span style=\"font-size: 14px;\"><span style=\"font-family: arial,helvetica,sans-serif;\">III trimestro mokini\u0173 tarybos veiklos aptarimas.<\/span><\/span><\/div>\n<\/td>\n<td style=\"width: 113px; height: 48px;\">\n<div><span style=\"font-size: 14px;\"><span style=\"font-family: arial,helvetica,sans-serif;\">Bir\u017eelis<\/span><\/span><\/div>\n<\/td>\n<td style=\"width: 180px; height: 48px;\">\n<div><span style=\"font-size: 14px;\"><span style=\"font-family: arial,helvetica,sans-serif;\">V. Ve\u017ebovi\u010d ir MT.<\/span><\/span><\/div>\n<\/td>\n<\/tr>\n<tr style=\"height: 48px;\">\n<td style=\"width: 47px; height: 48px;\">\n<div><span style=\"font-size: 14px;\"><span style=\"font-family: arial,helvetica,sans-serif;\">19.<\/span><\/span><\/div>\n<\/td>\n<td style=\"width: 387px; height: 48px;\">\n<div><span style=\"font-size: 14px;\"><span style=\"font-family: arial,helvetica,sans-serif;\">\u201e Paskutinis skambutis\u201c. Diskoteka.<\/span><\/span><\/div>\n<\/td>\n<td style=\"width: 113px; height: 48px;\">\n<div><span style=\"font-size: 14px;\"><span style=\"font-family: arial,helvetica,sans-serif;\">Bir\u017eelis<\/span><\/span><\/div>\n<\/td>\n<td style=\"width: 180px; height: 48px;\">\n<div><span style=\"font-size: 14px;\"><span style=\"font-family: arial,helvetica,sans-serif;\">10 klas\u0117, V. Stefanovi\u010d.<\/span><\/span><\/div>\n<\/td>\n<\/tr>\n<\/tbody>\n<\/table>\n<\/div>\n","protected":false},"excerpt":{"rendered":"<p>&nbsp; 1. Laura Ma\u0161aro &#8211; 7 klas\u0117; 2. Augustyn Pozlevi\u010d \u2013 8 klas\u0117; 3. Daniel Nanevi\u010d&nbsp; \u2013 10 klas\u0117 &#8211; pirmininkas; 4. Ingrida Rynkun \u2013 10 klas\u0117; 5. Ma\u017eena Karnecka &#8211; 5 klas\u0117; 6. Martin Loga\u010diov &#8211; 6 klas\u0117; 7. &hellip; <a href=\"https:\/\/www.mostiskes.vilniausr.lm.lt\/?page_id=63\">Skaitykite toliau <span class=\"meta-nav\">&rarr;<\/span><\/a><\/p>\n","protected":false},"author":1,"featured_media":0,"parent":38,"menu_order":4,"comment_status":"closed","ping_status":"closed","template":"","meta":{"ngg_post_thumbnail":0,"footnotes":""},"class_list":["post-63","page","type-page","status-publish","hentry"],"_links":{"self":[{"href":"https:\/\/www.mostiskes.vilniausr.lm.lt\/index.php?rest_route=\/wp\/v2\/pages\/63","targetHints":{"allow":["GET"]}}],"collection":[{"href":"https:\/\/www.mostiskes.vilniausr.lm.lt\/index.php?rest_route=\/wp\/v2\/pages"}],"about":[{"href":"https:\/\/www.mostiskes.vilniausr.lm.lt\/index.php?rest_route=\/wp\/v2\/types\/page"}],"author":[{"embeddable":true,"href":"https:\/\/www.mostiskes.vilniausr.lm.lt\/index.php?rest_route=\/wp\/v2\/users\/1"}],"replies":[{"embeddable":true,"href":"https:\/\/www.mostiskes.vilniausr.lm.lt\/index.php?rest_route=%2Fwp%2Fv2%2Fcomments&post=63"}],"version-history":[{"count":88,"href":"https:\/\/www.mostiskes.vilniausr.lm.lt\/index.php?rest_route=\/wp\/v2\/pages\/63\/revisions"}],"predecessor-version":[{"id":11484,"href":"https:\/\/www.mostiskes.vilniausr.lm.lt\/index.php?rest_route=\/wp\/v2\/pages\/63\/revisions\/11484"}],"up":[{"embeddable":true,"href":"https:\/\/www.mostiskes.vilniausr.lm.lt\/index.php?rest_route=\/wp\/v2\/pages\/38"}],"wp:attachment":[{"href":"https:\/\/www.mostiskes.vilniausr.lm.lt\/index.php?rest_route=%2Fwp%2Fv2%2Fmedia&parent=63"}],"curies":[{"name":"wp","href":"https:\/\/api.w.org\/{rel}","templated":true}]}}