{"id":11151,"date":"2009-12-26T22:53:50","date_gmt":"2009-12-26T20:53:50","guid":{"rendered":"https:\/\/www.mostiskes.vilniausr.lm.lt\/?page_id=11151"},"modified":"2023-01-23T08:52:04","modified_gmt":"2023-01-23T06:52:04","slug":"kontakty-i-srodowisko-uczenia-sie","status":"publish","type":"page","link":"https:\/\/www.mostiskes.vilniausr.lm.lt\/?page_id=11151&lang=pl","title":{"rendered":"Kontakty i \u015brodowisko uczenia si\u0119"},"content":{"rendered":"<div><strong><span style=\"font-size: 14px;\"><span style=\"font-family: arial,helvetica,sans-serif;\">Gimnazjum im. S. Batorego w \u0141awaryszkach Oddzia\u0142 Szko\u0142a-Centrum Wielofunkcyjne w Mo\u015bciskach<\/span><\/span><\/strong><\/div>\n<div><strong><span style=\"font-size: 14px;\"><span style=\"font-family: arial,helvetica,sans-serif;\">kod szko\u0142y 191315448<\/span><\/span><\/strong><\/div>\n<div><strong><span style=\"font-size: 14px;\"><span style=\"font-family: arial,helvetica,sans-serif;\">tel.\/fax +370 5 2592102<\/span><\/span><\/strong><\/div>\n<div><strong><span style=\"font-size: 14px;\"><span style=\"font-family: arial,helvetica,sans-serif;\">e-mail: <a href=\"mailto:mostiskiumokzkla@gmail.com\">mostiskiumokykla@gmail.com<\/a><\/span><\/span><\/strong><\/div>\n<div><span style=\"font-size: 14px;\"><span style=\"font-family: arial,helvetica,sans-serif;\"><em><strong>Ulica Mokyklos 36, wie\u015b Mo\u015bciszki, rejon wile\u0144ski, 15222 Litwa.<\/strong><\/em><\/span><\/span><\/div>\n<p>&nbsp;<\/p>\n","protected":false},"excerpt":{"rendered":"<p>Gimnazjum im. S. Batorego w \u0141awaryszkach Oddzia\u0142 Szko\u0142a-Centrum Wielofunkcyjne w Mo\u015bciskach kod szko\u0142y 191315448 tel.\/fax +370 5 2592102 e-mail: mostiskiumokykla@gmail.com Ulica Mokyklos 36, wie\u015b Mo\u015bciszki, rejon wile\u0144ski, 15222 Litwa. &nbsp;<\/p>\n","protected":false},"author":1,"featured_media":0,"parent":11131,"menu_order":15,"comment_status":"closed","ping_status":"closed","template":"","meta":{"ngg_post_thumbnail":0,"footnotes":""},"class_list":["post-11151","page","type-page","status-publish","hentry"],"_links":{"self":[{"href":"https:\/\/www.mostiskes.vilniausr.lm.lt\/index.php?rest_route=\/wp\/v2\/pages\/11151","targetHints":{"allow":["GET"]}}],"collection":[{"href":"https:\/\/www.mostiskes.vilniausr.lm.lt\/index.php?rest_route=\/wp\/v2\/pages"}],"about":[{"href":"https:\/\/www.mostiskes.vilniausr.lm.lt\/index.php?rest_route=\/wp\/v2\/types\/page"}],"author":[{"embeddable":true,"href":"https:\/\/www.mostiskes.vilniausr.lm.lt\/index.php?rest_route=\/wp\/v2\/users\/1"}],"replies":[{"embeddable":true,"href":"https:\/\/www.mostiskes.vilniausr.lm.lt\/index.php?rest_route=%2Fwp%2Fv2%2Fcomments&post=11151"}],"version-history":[{"count":2,"href":"https:\/\/www.mostiskes.vilniausr.lm.lt\/index.php?rest_route=\/wp\/v2\/pages\/11151\/revisions"}],"predecessor-version":[{"id":11328,"href":"https:\/\/www.mostiskes.vilniausr.lm.lt\/index.php?rest_route=\/wp\/v2\/pages\/11151\/revisions\/11328"}],"up":[{"embeddable":true,"href":"https:\/\/www.mostiskes.vilniausr.lm.lt\/index.php?rest_route=\/wp\/v2\/pages\/11131"}],"wp:attachment":[{"href":"https:\/\/www.mostiskes.vilniausr.lm.lt\/index.php?rest_route=%2Fwp%2Fv2%2Fmedia&parent=11151"}],"curies":[{"name":"wp","href":"https:\/\/api.w.org\/{rel}","templated":true}]}}